{"id":76,"date":"2024-05-24T10:18:23","date_gmt":"2024-05-24T10:18:23","guid":{"rendered":"http:\/\/zibimed.de\/?page_id=76"},"modified":"2024-11-20T14:08:52","modified_gmt":"2024-11-20T14:08:52","slug":"demo","status":"publish","type":"page","link":"https:\/\/zibimed.de\/index.php\/demo\/","title":{"rendered":"SIRA Server Demo"},"content":{"rendered":"\n<div class=\"wp-block-group has-global-padding is-layout-constrained wp-block-group-is-layout-constrained\" style=\"padding-top:var(--wp--preset--spacing--30);padding-bottom:var(--wp--preset--spacing--30)\">\n<h1 class=\"wp-block-heading has-text-align-center\"><strong>SIRA Server Demo<\/strong><\/h1>\n\n\n\n<div style=\"height:37px\" aria-hidden=\"true\" class=\"wp-block-spacer\"><\/div>\n\n\n\n<p>Verschaffen Sie sich einen ersten Eindruck von der Leistungsf\u00e4higkeit des SIRA Servers. \u00dcber den folgenden Link erhalten Sie vollen Zugriff auf unser Demo-System.<\/p>\n\n\n\n<p><a href=\"http:\/\/demo1.zibimed.de\"><\/a><\/p>\n\n\n\n<div class=\"wp-block-buttons is-content-justification-center is-layout-flex wp-container-core-buttons-is-layout-a89b3969 wp-block-buttons-is-layout-flex\">\n<div class=\"wp-block-button has-custom-font-size has-x-large-font-size\"><a class=\"wp-block-button__link has-text-color has-link-color wp-element-button\" href=\"http:\/\/demo1.zibimed.de\/\" style=\"border-style:none;border-width:0px;border-radius:23px;color:#ff0000;padding-right:var(--wp--preset--spacing--20);padding-left:var(--wp--preset--spacing--20)\" target=\"_blank\" rel=\"noreferrer noopener\">DEMO<\/a><\/div>\n<\/div>\n\n\n\n<p>Bitte beachten Sie, dass der Demo-Server f\u00fcr alle Internet-Nutzer frei zug\u00e4nglich ist. Benutzen Sie f\u00fcr Ihre Tests nur <strong>anonymisierte<\/strong> Daten.<\/p>\n\n\n\n<p>Falls Sie Tests auf eigener Hardware durchf\u00fchren wollen, empfehlen wir Ihnen die Benutzung der <a href=\"http:\/\/zibimed.de\/index.php\/downloads\/\" data-type=\"page\" data-id=\"72\">Free Edition<\/a> des Sira Servers.<\/p>\n<\/div>\n\n\n\n<p><\/p>\n","protected":false},"excerpt":{"rendered":"<p>SIRA Server Demo Verschaffen Sie sich einen ersten Eindruck von der Leistungsf\u00e4higkeit des SIRA Servers. \u00dcber den folgenden Link erhalten Sie vollen Zugriff auf unser Demo-System. Bitte beachten Sie, dass der Demo-Server f\u00fcr alle Internet-Nutzer frei zug\u00e4nglich ist. Benutzen Sie f\u00fcr Ihre Tests nur anonymisierte Daten. Falls Sie Tests auf eigener Hardware durchf\u00fchren wollen, empfehlen [&hellip;]<\/p>\n","protected":false},"author":1,"featured_media":0,"parent":0,"menu_order":0,"comment_status":"closed","ping_status":"closed","template":"page-no-title","meta":{"footnotes":""},"class_list":["post-76","page","type-page","status-publish","hentry"],"_links":{"self":[{"href":"https:\/\/zibimed.de\/index.php\/wp-json\/wp\/v2\/pages\/76","targetHints":{"allow":["GET"]}}],"collection":[{"href":"https:\/\/zibimed.de\/index.php\/wp-json\/wp\/v2\/pages"}],"about":[{"href":"https:\/\/zibimed.de\/index.php\/wp-json\/wp\/v2\/types\/page"}],"author":[{"embeddable":true,"href":"https:\/\/zibimed.de\/index.php\/wp-json\/wp\/v2\/users\/1"}],"replies":[{"embeddable":true,"href":"https:\/\/zibimed.de\/index.php\/wp-json\/wp\/v2\/comments?post=76"}],"version-history":[{"count":4,"href":"https:\/\/zibimed.de\/index.php\/wp-json\/wp\/v2\/pages\/76\/revisions"}],"predecessor-version":[{"id":458,"href":"https:\/\/zibimed.de\/index.php\/wp-json\/wp\/v2\/pages\/76\/revisions\/458"}],"wp:attachment":[{"href":"https:\/\/zibimed.de\/index.php\/wp-json\/wp\/v2\/media?parent=76"}],"curies":[{"name":"wp","href":"https:\/\/api.w.org\/{rel}","templated":true}]}}