{"id":680,"date":"2025-06-29T08:32:13","date_gmt":"2025-06-29T08:32:13","guid":{"rendered":"https:\/\/zibimed.de\/?page_id=680"},"modified":"2025-07-09T06:06:38","modified_gmt":"2025-07-09T06:06:38","slug":"neu-im-sira-pacs-und-ris-server-version-5","status":"publish","type":"page","link":"https:\/\/zibimed.de\/index.php\/neu-im-sira-pacs-und-ris-server-version-5\/","title":{"rendered":"Neu im SIRA PACS- und RIS-Server Version 5"},"content":{"rendered":"\n<div class=\"wp-block-group has-global-padding is-layout-constrained wp-container-core-group-is-layout-d2702112 wp-block-group-is-layout-constrained\" style=\"padding-top:var(--wp--preset--spacing--30);padding-right:var(--wp--preset--spacing--40);padding-bottom:var(--wp--preset--spacing--30);padding-left:var(--wp--preset--spacing--40)\">\n<h1 class=\"wp-block-heading\">Neu im SIRA PACS- und RIS-Server Version 5<\/h1>\n\n\n\n<h3 class=\"wp-block-heading\"><strong>Mehr Sicherheit. Bessere Performance. Zukunftssichere DICOM-Integration.<\/strong><\/h3>\n\n\n\n<p>Mit Version 5 hebt der SIRA Server seine PACS- und RIS-L\u00f6sungen auf ein neues Level. Zahlreiche Verbesserungen in Performance, Sicherheit und Benutzerfreundlichkeit machen das System leistungsst\u00e4rker und flexibler denn je \u2013 sowohl f\u00fcr die Mitarbeiter medizinischer Einrichtungen als auch f\u00fcr IT-Administratoren.<\/p>\n\n\n\n<div class=\"wp-block-group has-global-padding is-layout-constrained wp-block-group-is-layout-constrained\">\n<h4 class=\"wp-block-heading\">\ud83d\udd10 H\u00f6chste Sicherheit \u2013 auch f\u00fcr Clients<\/h4>\n\n\n\n<p>Unsere DICOM-Kommunikation ist jetzt vollst\u00e4ndig verschl\u00fcsselt:<\/p>\n\n\n\n<ul class=\"wp-block-list\">\n<li>Unterst\u00fctzung f\u00fcr TLS auch auf Clientseite<\/li>\n\n\n\n<li>Automatische Pr\u00fcfung der TLS-Zertifikate beim Systemstart<\/li>\n<\/ul>\n<\/div>\n\n\n\n<div class=\"wp-block-group has-global-padding is-layout-constrained wp-block-group-is-layout-constrained\">\n<h4 class=\"wp-block-heading\">\ud83d\udce6 Robuste DICOM-Datenverarbeitung<\/h4>\n\n\n\n<p>Mehr Sicherheit, mehr Kontrolle:<\/p>\n\n\n\n<ul class=\"wp-block-list\">\n<li><strong>Konsistenzpr\u00fcfung<\/strong> zwischen gespeicherten DICOM-Dateien und Datenbankeintr\u00e4gen<\/li>\n\n\n\n<li>Speicherung von <strong>Dateigr\u00f6\u00dfe und Pr\u00fcfziffer<\/strong> f\u00fcr jede Datei<\/li>\n\n\n\n<li>Unterst\u00fctzung f\u00fcr <strong>komprimierte Bilder und Videos<\/strong> \u00fcber DICOM RS<\/li>\n\n\n\n<li><strong>Optimierte WADO-Schnittstelle<\/strong> mit verbesserter Videodarstellung<\/li>\n<\/ul>\n<\/div>\n\n\n\n<div class=\"wp-block-group has-global-padding is-layout-constrained wp-block-group-is-layout-constrained\">\n<h4 class=\"wp-block-heading\">\ud83e\uddea Neue Werkzeuge f\u00fcr Profis<\/h4>\n\n\n\n<p>Mehr Transparenz im Systembetrieb:<\/p>\n\n\n\n<ul class=\"wp-block-list\">\n<li>Tool zur Analyse: <strong>\u201eTest Max File Handles\u201c<\/strong><\/li>\n\n\n\n<li>Anzeige von <strong>offenen und maximalen Dateihandles<\/strong> (Linux)<\/li>\n<\/ul>\n<\/div>\n\n\n\n<div class=\"wp-block-group has-global-padding is-layout-constrained wp-block-group-is-layout-constrained\">\n<h4 class=\"wp-block-heading\">\ud83c\udf10 Moderner Web-Viewer \u2013 direkt im Browser:<\/h4>\n\n\n\n<ul class=\"wp-block-list\">\n<li><strong>OHIF DICOM Web Viewer<\/strong> in Version 3.10<\/li>\n\n\n\n<li>Jetzt <strong>Standardviewer<\/strong> f\u00fcr alle Webzugriffe<\/li>\n\n\n\n<li>Fr\u00fchere <strong>WebGL-Ansicht weiterhin verf\u00fcgbar<\/strong><\/li>\n\n\n\n<li><strong>FFMPEG-Integration<\/strong> f\u00fcr effiziente Videodekodierung<\/li>\n<\/ul>\n<\/div>\n\n\n\n<div class=\"wp-block-group has-global-padding is-layout-constrained wp-block-group-is-layout-constrained\">\n<h4 class=\"wp-block-heading\">\ud83d\udd04 Intelligentes Autorouting<\/h4>\n\n\n\n<p>Neu: Option zur <strong>automatischen Weiterleitung vorhergehender Untersuchungen<\/strong> \u2013 ideal f\u00fcr Verlaufskontrollen und Vergleichsbilder.<\/p>\n<\/div>\n\n\n\n<div class=\"wp-block-group has-global-padding is-layout-constrained wp-block-group-is-layout-constrained\">\n<h4 class=\"wp-block-heading\">\u2699\ufe0f Verbesserter Workflow und Systemstart<\/h4>\n\n\n\n<ul class=\"wp-block-list\">\n<li>\u00dcberarbeitetes Script <code>replacedb.sh<\/code> (Linux)<\/li>\n\n\n\n<li><strong>Versionserkennung beim Systemstart<\/strong> \u2013 direkt im Log sichtbar<\/li>\n<\/ul>\n<\/div>\n\n\n\n<div class=\"wp-block-group has-global-padding is-layout-constrained wp-block-group-is-layout-constrained\">\n<h4 class=\"wp-block-heading\">\ud83d\udcbb Modernes Webdesign<\/h4>\n\n\n\n<p>Die Benutzeroberfl\u00e4che erstrahlt in neuem Glanz \u2013 dank vollst\u00e4ndiger <strong>Umstellung auf Bootstrap 5<\/strong> f\u00fcr ein responsives, klares Design auf allen Ger\u00e4ten.<\/p>\n<\/div>\n\n\n\n<div class=\"wp-block-group has-global-padding is-layout-constrained wp-block-group-is-layout-constrained\">\n<h4 class=\"wp-block-heading\"><strong>SIRA PACS &amp; RIS Version 5<\/strong> \u2013 Ihre Plattform f\u00fcr eine stabile, zukunftssichere und moderne Radiologie-Infrastruktur.<br><strong>Jetzt verf\u00fcgbar.<\/strong><\/h4>\n\n\n\n<div class=\"wp-block-buttons is-layout-flex wp-block-buttons-is-layout-flex\">\n<div class=\"wp-block-button\"><a class=\"wp-block-button__link wp-element-button\" href=\"\/index.php\/demo\/\">Demo<\/a><\/div>\n\n\n\n<div class=\"wp-block-button\"><a class=\"wp-block-button__link wp-element-button\" href=\"\/index.php\/downloads\/\">Herunterladen<\/a><\/div>\n\n\n\n<div class=\"wp-block-button\"><a class=\"wp-block-button__link wp-element-button\" href=\"\/index.php\/bestellung\/\">Bestellen<\/a><\/div>\n<\/div>\n<\/div>\n<\/div>\n","protected":false},"excerpt":{"rendered":"<p>Neu im SIRA PACS- und RIS-Server Version 5 Mehr Sicherheit. Bessere Performance. Zukunftssichere DICOM-Integration. Mit Version 5 hebt der SIRA Server seine PACS- und RIS-L\u00f6sungen auf ein neues Level. Zahlreiche Verbesserungen in Performance, Sicherheit und Benutzerfreundlichkeit machen das System leistungsst\u00e4rker und flexibler denn je \u2013 sowohl f\u00fcr die Mitarbeiter medizinischer Einrichtungen als auch f\u00fcr IT-Administratoren. [&hellip;]<\/p>\n","protected":false},"author":1,"featured_media":0,"parent":0,"menu_order":0,"comment_status":"closed","ping_status":"closed","template":"page-no-title","meta":{"footnotes":""},"class_list":["post-680","page","type-page","status-publish","hentry"],"_links":{"self":[{"href":"https:\/\/zibimed.de\/index.php\/wp-json\/wp\/v2\/pages\/680","targetHints":{"allow":["GET"]}}],"collection":[{"href":"https:\/\/zibimed.de\/index.php\/wp-json\/wp\/v2\/pages"}],"about":[{"href":"https:\/\/zibimed.de\/index.php\/wp-json\/wp\/v2\/types\/page"}],"author":[{"embeddable":true,"href":"https:\/\/zibimed.de\/index.php\/wp-json\/wp\/v2\/users\/1"}],"replies":[{"embeddable":true,"href":"https:\/\/zibimed.de\/index.php\/wp-json\/wp\/v2\/comments?post=680"}],"version-history":[{"count":6,"href":"https:\/\/zibimed.de\/index.php\/wp-json\/wp\/v2\/pages\/680\/revisions"}],"predecessor-version":[{"id":706,"href":"https:\/\/zibimed.de\/index.php\/wp-json\/wp\/v2\/pages\/680\/revisions\/706"}],"wp:attachment":[{"href":"https:\/\/zibimed.de\/index.php\/wp-json\/wp\/v2\/media?parent=680"}],"curies":[{"name":"wp","href":"https:\/\/api.w.org\/{rel}","templated":true}]}}