{"id":68,"date":"2024-05-24T09:58:16","date_gmt":"2024-05-24T09:58:16","guid":{"rendered":"http:\/\/zibimed.de\/?page_id=68"},"modified":"2024-12-10T15:06:34","modified_gmt":"2024-12-10T15:06:34","slug":"produkte","status":"publish","type":"page","link":"https:\/\/zibimed.de\/index.php\/produkte\/","title":{"rendered":"Produkte"},"content":{"rendered":"\n<div class=\"wp-block-group has-global-padding is-layout-constrained wp-container-core-group-is-layout-ea8482c2 wp-block-group-is-layout-constrained\" style=\"padding-top:var(--wp--preset--spacing--30);padding-right:0;padding-bottom:var(--wp--preset--spacing--30);padding-left:0\">\n<h1 class=\"wp-block-heading alignwide has-text-align-center\"><strong>Produkte<\/strong><\/h1>\n\n\n\n<div style=\"height:37px\" aria-hidden=\"true\" class=\"wp-block-spacer\"><\/div>\n\n\n\n<div class=\"wp-block-columns is-layout-flex wp-container-core-columns-is-layout-28f84493 wp-block-columns-is-layout-flex\">\n<div class=\"wp-block-column is-layout-flow wp-block-column-is-layout-flow\"><\/div>\n\n\n\n<div class=\"wp-block-column is-layout-flow wp-block-column-is-layout-flow\"><\/div>\n<\/div>\n\n\n\n<figure class=\"wp-block-image alignright size-full is-resized has-custom-border\"><img loading=\"lazy\" decoding=\"async\" width=\"1024\" height=\"1024\" src=\"http:\/\/zibimed.de\/wp-content\/uploads\/2024\/12\/DALL\u00b7E-2024-12-10-11.27.12-A-visually-appealing-illustration-featuring-software-products-represented-as-sleek-modern-boxes.-Each-box-prominently-displays-the-text-SIRA-Server.webp\" alt=\"\" class=\"wp-image-540\" style=\"border-width:10px;border-radius:10px;width:191px\" srcset=\"https:\/\/zibimed.de\/wp-content\/uploads\/2024\/12\/DALL\u00b7E-2024-12-10-11.27.12-A-visually-appealing-illustration-featuring-software-products-represented-as-sleek-modern-boxes.-Each-box-prominently-displays-the-text-SIRA-Server.webp 1024w, https:\/\/zibimed.de\/wp-content\/uploads\/2024\/12\/DALL\u00b7E-2024-12-10-11.27.12-A-visually-appealing-illustration-featuring-software-products-represented-as-sleek-modern-boxes.-Each-box-prominently-displays-the-text-SIRA-Server-300x300.webp 300w, https:\/\/zibimed.de\/wp-content\/uploads\/2024\/12\/DALL\u00b7E-2024-12-10-11.27.12-A-visually-appealing-illustration-featuring-software-products-represented-as-sleek-modern-boxes.-Each-box-prominently-displays-the-text-SIRA-Server-150x150.webp 150w, https:\/\/zibimed.de\/wp-content\/uploads\/2024\/12\/DALL\u00b7E-2024-12-10-11.27.12-A-visually-appealing-illustration-featuring-software-products-represented-as-sleek-modern-boxes.-Each-box-prominently-displays-the-text-SIRA-Server-768x768.webp 768w\" sizes=\"auto, (max-width: 1024px) 100vw, 1024px\" \/><\/figure>\n\n\n\n<h4 class=\"wp-block-heading\">SIRA PACS- und RIS-Server<\/h4>\n\n\n\n<p><strong>Alles in Einem<\/strong><\/p>\n\n\n\n<p>Der SIRA Server ist ein kombinierter PACS\u2011 und RIS\u2011Server, der alle Daten der Radiologie an einem Ort speichert. Er ist mit allen F\u00e4higkeiten ausgestattet, welche die moderne Radiologie\u2011EDV ben\u00f6tigt. Sein Einsatzbereich erstreckt sich von radio\u00adlogischen Praxen bis zu gro\u00dfen Kliniken. <a href=\"http:\/\/zibimed.de\/index.php\/sira-pacs-und-ris-server\/\" data-type=\"page\" data-id=\"81\">Erfahren Sie mehr!<\/a><\/p>\n\n\n\n<h4 class=\"wp-block-heading\">GDT Bridge<\/h4>\n\n\n\n<p><strong>Verbindet PVS \/ KIS mit dem SIRA Server<\/strong><\/p>\n\n\n\n<p>Mit der ZIBImed GDT SIRA Bridge k\u00f6nnen &#8211; auf komfortable und einfache Weise &#8211; Daten zwischen dem <a href=\"https:\/\/www.zibimed.de\/index.php\/products\/sira-server\">SIRA PACS- und RIS-Server<\/a> und einem GDT f\u00e4higen Praxis-EDV-System ausgetauscht werden. <a href=\"http:\/\/zibimed.de\/index.php\/gdt-sira-bridge\/\" data-type=\"page\" data-id=\"412\">Erfahren Sie mehr!<\/a><\/p>\n\n\n\n<h4 class=\"wp-block-heading\">Archive Syncer<\/h4>\n\n\n\n<p><strong>Archive Syncer \u2013 Die smarte L\u00f6sung f\u00fcr PACS-Archiv-Synchronisation<\/strong><\/p>\n\n\n\n<p>Mit dem Archive Syncer wird der Abgleich von PACS-Archiven zum Kinderspiel. Unser innovatives Tool synchronisiert radiologische Daten und Bilder vollautomatisch zwischen zwei Archiven \u2013 pr\u00e4zise, effizient und zuverl\u00e4ssig. <a href=\"http:\/\/zibimed.de\/index.php\/archive-syncer\/\" data-type=\"page\" data-id=\"433\">Erfahren Sie mehr!<\/a><\/p>\n\n\n\n<h3 class=\"wp-block-heading\" id=\"Individualprogrammierung\"><strong>Individualprogrammierung<\/strong><\/h3>\n\n\n\n<p><strong>Ma\u00dfgeschneiderte L\u00f6sungen in der Medizin-IT<\/strong><\/p>\n\n\n\n<p>Unsere Kernkompetenzen liegen in der Umsetzung und Integration komplexer IT-Systeme, die nahtlos miteinander kommunizieren \u2013 dank unserer Spezialisierung auf <strong>DICOM<\/strong>, <strong>HL7<\/strong> und <strong>GDT<\/strong>.<\/p>\n\n\n\n<p>Dar\u00fcber hinaus verf\u00fcgen wir \u00fcber umfangreiche Erfahrungen in folgenden Bereichen:<\/p>\n\n\n\n<ul class=\"wp-block-list\">\n<li><strong>SQL-Datenbank-Server<\/strong> f\u00fcr stabile und effiziente Datenverwaltung<\/li>\n\n\n\n<li><strong>Beckhoff TwinCAT<\/strong> f\u00fcr pr\u00e4zise Automatisierungsl\u00f6sungen<\/li>\n\n\n\n<li><strong>Kryptographie<\/strong> f\u00fcr maximale Sicherheit Ihrer sensiblen Daten<\/li>\n<\/ul>\n\n\n\n<p>Unsere besondere St\u00e4rke ist die <strong>Systemintegration<\/strong>: Wir verkn\u00fcpfen Ihre Systeme so, dass sie optimal zusammenarbeiten \u2013 individuell, effizient und zuverl\u00e4ssig.<\/p>\n\n\n\n<p>Setzen Sie auf uns und profitieren Sie von unserem fundierten Fachwissen und einer individuellen Herangehensweise, die genau auf Ihre Anforderungen zugeschnitten ist.<\/p>\n\n\n\n<p><strong><a href=\"http:\/\/zibimed.de\/index.php\/unterstuetzung\/\" data-type=\"page\" data-id=\"74\">Kontaktieren Sie uns<\/a><\/strong> \u2013 wir freuen uns darauf, Ihre IT-Projekte gemeinsam zu realisieren!<\/p>\n\n\n\n<h3 class=\"wp-block-heading\"><strong>Produkte von DiscusMed<\/strong><\/h3>\n\n\n\n<p>Durch unsere Kooperation mit der Firma <a href=\"https:\/\/www.discusmed.de\">DiscusMed<\/a> k\u00f6nnen wir folgende Produkte anbieten.<\/p>\n\n\n\n<h4 class=\"wp-block-heading\">DMC.Connect App<\/h4>\n\n\n\n<p><strong>DICOM Bilder, Videos &amp; Daten importieren<\/strong><\/p>\n\n\n\n<p>Patientendaten per QR-Code ins PACS importieren, ohne die Arbeitspl\u00e4tze mit dem Internet verbinden zu m\u00fcssen, wodurch die Sicherheit des Instituts gewahrt bleibt.<\/p>\n\n\n\n<h4 class=\"wp-block-heading\">Discus DMC.WebSafe<\/h4>\n\n\n\n<p><strong>DICOM Bilder &amp; Daten verteilen<\/strong><\/p>\n\n\n\n<p>Die PACS-unabh\u00e4ngige Portall\u00f6sung f\u00fcr den Austausch und die Bereitstellung von Untersuchungsdaten inklusive kostenlosem DICOM PACS-Importmodul f\u00fcr Ihre Zuweiser.<\/p>\n\n\n\n<h4 class=\"wp-block-heading\">DMC.Import<\/h4>\n\n\n\n<p><strong>Dicom Bilder, Videos &amp; Daten importieren<\/strong><\/p>\n\n\n\n<p>Importieren Sie Patientendaten und Untersuchungsbilder im DICOM Format von CDs, DVDs und\/oder USB und SD-Karten Datentr\u00e4gern ohne gro\u00dfen Aufwand in Ihr PACS.<\/p>\n\n\n\n<h4 class=\"wp-block-heading\">DMC.Producer<\/h4>\n\n\n\n<p><strong>Dicom Bilder, Videos &amp; Daten importieren<\/strong><\/p>\n\n\n\n<p>Importieren Sie Patientendaten und Untersuchungsbilder im DICOM Format von CDs, DVDs und\/oder USB und SD-Karten Datentr\u00e4gern ohne gro\u00dfen Aufwand in Ihr PACS.<\/p>\n\n\n\n<p><a href=\"http:\/\/zibimed.de\/index.php\/unterstuetzung\/\">Gerne beraten wir Sie!<\/a><\/p>\n<\/div>\n","protected":false},"excerpt":{"rendered":"<p>Produkte SIRA PACS- und RIS-Server Alles in Einem Der SIRA Server ist ein kombinierter PACS\u2011 und RIS\u2011Server, der alle Daten der Radiologie an einem Ort speichert. Er ist mit allen F\u00e4higkeiten ausgestattet, welche die moderne Radiologie\u2011EDV ben\u00f6tigt. Sein Einsatzbereich erstreckt sich von radio\u00adlogischen Praxen bis zu gro\u00dfen Kliniken. Erfahren Sie mehr! GDT Bridge Verbindet PVS [&hellip;]<\/p>\n","protected":false},"author":1,"featured_media":0,"parent":0,"menu_order":0,"comment_status":"closed","ping_status":"closed","template":"page-no-title","meta":{"footnotes":""},"class_list":["post-68","page","type-page","status-publish","hentry"],"_links":{"self":[{"href":"https:\/\/zibimed.de\/index.php\/wp-json\/wp\/v2\/pages\/68","targetHints":{"allow":["GET"]}}],"collection":[{"href":"https:\/\/zibimed.de\/index.php\/wp-json\/wp\/v2\/pages"}],"about":[{"href":"https:\/\/zibimed.de\/index.php\/wp-json\/wp\/v2\/types\/page"}],"author":[{"embeddable":true,"href":"https:\/\/zibimed.de\/index.php\/wp-json\/wp\/v2\/users\/1"}],"replies":[{"embeddable":true,"href":"https:\/\/zibimed.de\/index.php\/wp-json\/wp\/v2\/comments?post=68"}],"version-history":[{"count":29,"href":"https:\/\/zibimed.de\/index.php\/wp-json\/wp\/v2\/pages\/68\/revisions"}],"predecessor-version":[{"id":576,"href":"https:\/\/zibimed.de\/index.php\/wp-json\/wp\/v2\/pages\/68\/revisions\/576"}],"wp:attachment":[{"href":"https:\/\/zibimed.de\/index.php\/wp-json\/wp\/v2\/media?parent=68"}],"curies":[{"name":"wp","href":"https:\/\/api.w.org\/{rel}","templated":true}]}}