{"id":74,"date":"2024-05-24T10:17:57","date_gmt":"2024-05-24T10:17:57","guid":{"rendered":"http:\/\/zibimed.de\/?page_id=74"},"modified":"2024-12-10T10:47:13","modified_gmt":"2024-12-10T10:47:13","slug":"unterstuetzung","status":"publish","type":"page","link":"http:\/\/zibimed.de\/index.php\/unterstuetzung\/","title":{"rendered":"Unterst\u00fctzung"},"content":{"rendered":"\n<div class=\"wp-block-group alignfull has-base-2-background-color has-background has-global-padding is-layout-constrained wp-container-core-group-is-layout-b673cb31 wp-block-group-is-layout-constrained\" style=\"margin-top:0;margin-bottom:0;padding-top:var(--wp--preset--spacing--30);padding-right:var(--wp--preset--spacing--50);padding-bottom:var(--wp--preset--spacing--30);padding-left:var(--wp--preset--spacing--50)\">\n<h1 class=\"wp-block-heading has-text-align-center\"><strong>Unterst\u00fctzung<\/strong><\/h1>\n\n\n\n<div style=\"height:37px\" aria-hidden=\"true\" class=\"wp-block-spacer\"><\/div>\n\n\n\n<div class=\"wp-block-columns alignwide is-layout-flex wp-container-core-columns-is-layout-1da03c2a wp-block-columns-is-layout-flex\">\n<div class=\"wp-block-column is-layout-flow wp-block-column-is-layout-flow\" style=\"flex-basis:60%\">\n<p>F\u00fcr alle Ihre Fragen stehen wir zur Verf\u00fcgung. Sie k\u00f6nnen uns gerne werktags von 9:00 bis 16:00 Uhr telefonisch erreichen. Rund um die Uhr stehen wir Ihnen per E-Mail zur Verf\u00fcgung. Unsere E-Mail-Adresse lautet: <a href=\"mailto:support@zibimed.de\">support@zibimed.de<\/a>. Oder benutzen Sie einfach unten stehendes <a href=\"http:\/\/zibimed.de\/index.php\/unterstuetzung#supportform\" data-type=\"page\" data-id=\"74\">Kontaktformular<\/a>.<\/p>\n\n\n\n<p>F\u00fcr unsere Kunden empfehlen wir den Abschluss eines <a href=\"https:\/\/www.zibimed.de\/index.php\/support\/supportvertraege\">Supportvertrags<\/a>. Damit erhalten Sie weitreichende und zeitnahe Unterst\u00fctzung im Umgang mit allen unseren <a href=\"http:\/\/zibimed.de\/index.php\/produkte\/\" data-type=\"page\" data-id=\"68\">Produkten<\/a>.<\/p>\n\n\n\n<p>Gerne unterst\u00fctzen wir Sie bei der Auswahl der Server-Hardware f\u00fcr den ZIBImed SIRA Server. Durch die Auswahl geeigneter Hardware-Komponenten f\u00fcr den Server l\u00e4sst sich die Zuverl\u00e4ssigkeit und Performance deutlich steigern.<\/p>\n\n\n\n<div class=\"wp-block-contact-form-7-contact-form-selector\">\n<div class=\"wpcf7 no-js\" id=\"wpcf7-f248-o1\" lang=\"de-DE\" dir=\"ltr\" data-wpcf7-id=\"248\">\n<div class=\"screen-reader-response\"><p role=\"status\" aria-live=\"polite\" aria-atomic=\"true\"><\/p> <ul><\/ul><\/div>\n<form action=\"\/index.php\/wp-json\/wp\/v2\/pages\/74#wpcf7-f248-o1\" method=\"post\" class=\"wpcf7-form init\" id=\"supportform\" aria-label=\"Kontaktformular\" novalidate=\"novalidate\" data-status=\"init\">\n<fieldset class=\"hidden-fields-container\"><input type=\"hidden\" name=\"_wpcf7\" value=\"248\" \/><input type=\"hidden\" name=\"_wpcf7_version\" value=\"6.1.5\" \/><input type=\"hidden\" name=\"_wpcf7_locale\" value=\"de_DE\" \/><input type=\"hidden\" name=\"_wpcf7_unit_tag\" value=\"wpcf7-f248-o1\" \/><input type=\"hidden\" name=\"_wpcf7_container_post\" value=\"0\" \/><input type=\"hidden\" name=\"_wpcf7_posted_data_hash\" value=\"\" \/><input type=\"hidden\" name=\"_wpcf7_recaptcha_response\" value=\"\" \/>\n<\/fieldset>\n<p><label> Ihr Name<br \/>\n<span class=\"wpcf7-form-control-wrap\" data-name=\"your-name\"><input size=\"40\" maxlength=\"400\" class=\"wpcf7-form-control wpcf7-text wpcf7-validates-as-required zibi-input\" autocomplete=\"name\" aria-required=\"true\" aria-invalid=\"false\" value=\"\" type=\"text\" name=\"your-name\" \/><\/span> <\/label>\n<\/p>\n<p><label> Ihre E-Mail-Adresse<br \/>\n<span class=\"wpcf7-form-control-wrap\" data-name=\"your-email\"><input size=\"40\" maxlength=\"400\" class=\"wpcf7-form-control wpcf7-email wpcf7-validates-as-required wpcf7-text wpcf7-validates-as-email zibi-input\" autocomplete=\"email\" aria-required=\"true\" aria-invalid=\"false\" value=\"\" type=\"email\" name=\"your-email\" \/><\/span> <\/label>\n<\/p>\n<p><label> Betreff<br \/>\n<span class=\"wpcf7-form-control-wrap\" data-name=\"your-subject\"><input size=\"40\" maxlength=\"400\" class=\"wpcf7-form-control wpcf7-text wpcf7-validates-as-required zibi-input\" aria-required=\"true\" aria-invalid=\"false\" value=\"\" type=\"text\" name=\"your-subject\" \/><\/span> <\/label>\n<\/p>\n<p><label> Ihre Nachricht<br \/>\n<span class=\"wpcf7-form-control-wrap\" data-name=\"your-message\"><textarea cols=\"40\" rows=\"10\" maxlength=\"2000\" class=\"wpcf7-form-control wpcf7-textarea zibi-input\" aria-invalid=\"false\" name=\"your-message\"><\/textarea><\/span> <\/label>\n<\/p>\n<p><input class=\"wpcf7-form-control wpcf7-submit has-spinner wp-block-button__link\" type=\"submit\" value=\"Senden\" \/>\n<\/p><div class=\"wpcf7-response-output\" aria-hidden=\"true\"><\/div>\n<\/form>\n<\/div>\n<\/div>\n\n\n\n<div style=\"height:100px\" aria-hidden=\"true\" class=\"wp-block-spacer\"><\/div>\n\n\n\n<h2 class=\"wp-block-heading\">Suche<\/h2>\n\n\n\n<p>Viele n\u00fctzliche Informationen und Tipps haben wir auf dieser Webseite ver\u00f6ffentlicht. Gerne k\u00f6nnen Sie hier ihre individuellen Suchanfragen stellen:<\/p>\n\n\n<form role=\"search\" method=\"get\" action=\"http:\/\/zibimed.de\/\" class=\"wp-block-search__button-outside wp-block-search__text-button wp-block-search\"    ><label class=\"wp-block-search__label\" for=\"wp-block-search__input-1\" >Suchen<\/label><div class=\"wp-block-search__inside-wrapper\" ><input class=\"wp-block-search__input\" id=\"wp-block-search__input-1\" placeholder=\"\" value=\"\" type=\"search\" name=\"s\" required \/><button aria-label=\"Suchen\" class=\"wp-block-search__button wp-element-button\" type=\"submit\" >Suchen<\/button><\/div><\/form><\/div>\n\n\n\n<div class=\"wp-block-column is-vertically-aligned-top is-layout-flow wp-block-column-is-layout-flow\" style=\"flex-basis:40%\">\n<figure class=\"wp-block-image aligncenter size-full is-resized has-custom-border is-style-rounded wp-duotone-unset-3 is-style-rounded--2\"><img loading=\"lazy\" decoding=\"async\" width=\"510\" height=\"1024\" src=\"http:\/\/zibimed.de\/wp-content\/uploads\/2024\/11\/DALL\u00b7E-2024-11-01-13.42.26_2.webp\" alt=\"Supportmitarbeiterin\" class=\"wp-image-337\" style=\"border-width:15px;border-radius:30px;aspect-ratio:9\/16;object-fit:cover;width:393px;height:auto\" srcset=\"http:\/\/zibimed.de\/wp-content\/uploads\/2024\/11\/DALL\u00b7E-2024-11-01-13.42.26_2.webp 510w, http:\/\/zibimed.de\/wp-content\/uploads\/2024\/11\/DALL\u00b7E-2024-11-01-13.42.26_2-149x300.webp 149w\" sizes=\"auto, (max-width: 510px) 100vw, 510px\" \/><\/figure>\n\n\n\n<div style=\"height:31px\" aria-hidden=\"true\" class=\"wp-block-spacer\"><\/div>\n\n\n\n<h2 class=\"wp-block-heading\">Direkter Kontakt<\/h2>\n\n\n\n<p class=\"has-text-align-left has-base-2-background-color has-background\">ZIBImed GmbH<br>Breslauerstra\u00dfe 9<br>79341 Kenzingen<br>Deutschland<br><br>Tel:<a href=\"tel:+497644922589\">+49&nbsp;7644&nbsp;922589<\/a><br>E-Mail:<a href=\"mailto:info@zibimed.de\">info@zibimed.de<\/a><\/p>\n<\/div>\n<\/div>\n<\/div>\n\n\n\n<p><\/p>\n","protected":false},"excerpt":{"rendered":"<p>Unterst\u00fctzung F\u00fcr alle Ihre Fragen stehen wir zur Verf\u00fcgung. Sie k\u00f6nnen uns gerne werktags von 9:00 bis 16:00 Uhr telefonisch erreichen. Rund um die Uhr stehen wir Ihnen per E-Mail zur Verf\u00fcgung. Unsere E-Mail-Adresse lautet: support@zibimed.de. Oder benutzen Sie einfach unten stehendes Kontaktformular. F\u00fcr unsere Kunden empfehlen wir den Abschluss eines Supportvertrags. Damit erhalten Sie [&hellip;]<\/p>\n","protected":false},"author":1,"featured_media":0,"parent":0,"menu_order":0,"comment_status":"open","ping_status":"closed","template":"page-no-title","meta":{"footnotes":""},"class_list":["post-74","page","type-page","status-publish","hentry"],"_links":{"self":[{"href":"http:\/\/zibimed.de\/index.php\/wp-json\/wp\/v2\/pages\/74","targetHints":{"allow":["GET"]}}],"collection":[{"href":"http:\/\/zibimed.de\/index.php\/wp-json\/wp\/v2\/pages"}],"about":[{"href":"http:\/\/zibimed.de\/index.php\/wp-json\/wp\/v2\/types\/page"}],"author":[{"embeddable":true,"href":"http:\/\/zibimed.de\/index.php\/wp-json\/wp\/v2\/users\/1"}],"replies":[{"embeddable":true,"href":"http:\/\/zibimed.de\/index.php\/wp-json\/wp\/v2\/comments?post=74"}],"version-history":[{"count":47,"href":"http:\/\/zibimed.de\/index.php\/wp-json\/wp\/v2\/pages\/74\/revisions"}],"predecessor-version":[{"id":551,"href":"http:\/\/zibimed.de\/index.php\/wp-json\/wp\/v2\/pages\/74\/revisions\/551"}],"wp:attachment":[{"href":"http:\/\/zibimed.de\/index.php\/wp-json\/wp\/v2\/media?parent=74"}],"curies":[{"name":"wp","href":"https:\/\/api.w.org\/{rel}","templated":true}]}}