{"id":433,"date":"2024-11-20T11:31:02","date_gmt":"2024-11-20T11:31:02","guid":{"rendered":"http:\/\/zibimed.de\/?page_id=433"},"modified":"2024-11-21T10:45:29","modified_gmt":"2024-11-21T10:45:29","slug":"archive-syncer","status":"publish","type":"page","link":"http:\/\/zibimed.de\/index.php\/archive-syncer\/","title":{"rendered":"Archive Syncer"},"content":{"rendered":"\n<div class=\"wp-block-group has-global-padding is-layout-constrained wp-block-group-is-layout-constrained\" style=\"padding-top:var(--wp--preset--spacing--30);padding-bottom:var(--wp--preset--spacing--30)\">\n<h1 class=\"wp-block-heading has-text-align-center\"><strong>Archive Syncer<\/strong><\/h1>\n\n\n\n<p>Archive Syncer \u2013 Die smarte L\u00f6sung f\u00fcr PACS-Archiv-Synchronisation<\/p>\n\n\n\n<p>Mit dem Archive Syncer wird der Abgleich von PACS-Archiven zum Kinderspiel. Unser innovatives Tool synchronisiert radiologische Daten und Bilder vollautomatisch zwischen zwei Archiven \u2013 pr\u00e4zise, effizient und zuverl\u00e4ssig.<\/p>\n\n\n\n<p>Egal ob aktuelle Daten oder ein gezielter Abgleich zu beliebigen Zeitr\u00e4umen, der Archive Syncer passt sich Ihren Anforderungen an. Besonders bei der Migration von PACS-Archiven \u00fcberzeugt das System, indem es s\u00e4mtliche Daten eines alten Archivs sicher und l\u00fcckenlos auf ein neues \u00fcbertr\u00e4gt.<\/p>\n\n\n\n<p>Profitieren Sie von einer flexiblen, automatisierten L\u00f6sung f\u00fcr Ihre Archiv-Verwaltung und steigern Sie die Effizienz Ihrer radiologischen Workflows.<\/p>\n\n\n\n<p>Archive Syncer \u2013 Einfach. Automatisch. Zuverl\u00e4ssig.<\/p>\n\n\n\n<p><a href=\"http:\/\/zibimed.de\/index.php\/unterstuetzung\/\" data-type=\"page\" data-id=\"74\">Gerne beraten wir Sie!<\/a><\/p>\n<\/div>\n","protected":false},"excerpt":{"rendered":"<p>Archive Syncer Archive Syncer \u2013 Die smarte L\u00f6sung f\u00fcr PACS-Archiv-Synchronisation Mit dem Archive Syncer wird der Abgleich von PACS-Archiven zum Kinderspiel. Unser innovatives Tool synchronisiert radiologische Daten und Bilder vollautomatisch zwischen zwei Archiven \u2013 pr\u00e4zise, effizient und zuverl\u00e4ssig. Egal ob aktuelle Daten oder ein gezielter Abgleich zu beliebigen Zeitr\u00e4umen, der Archive Syncer passt sich Ihren [&hellip;]<\/p>\n","protected":false},"author":1,"featured_media":0,"parent":0,"menu_order":0,"comment_status":"closed","ping_status":"closed","template":"page-no-title","meta":{"footnotes":""},"class_list":["post-433","page","type-page","status-publish","hentry"],"_links":{"self":[{"href":"http:\/\/zibimed.de\/index.php\/wp-json\/wp\/v2\/pages\/433","targetHints":{"allow":["GET"]}}],"collection":[{"href":"http:\/\/zibimed.de\/index.php\/wp-json\/wp\/v2\/pages"}],"about":[{"href":"http:\/\/zibimed.de\/index.php\/wp-json\/wp\/v2\/types\/page"}],"author":[{"embeddable":true,"href":"http:\/\/zibimed.de\/index.php\/wp-json\/wp\/v2\/users\/1"}],"replies":[{"embeddable":true,"href":"http:\/\/zibimed.de\/index.php\/wp-json\/wp\/v2\/comments?post=433"}],"version-history":[{"count":4,"href":"http:\/\/zibimed.de\/index.php\/wp-json\/wp\/v2\/pages\/433\/revisions"}],"predecessor-version":[{"id":472,"href":"http:\/\/zibimed.de\/index.php\/wp-json\/wp\/v2\/pages\/433\/revisions\/472"}],"wp:attachment":[{"href":"http:\/\/zibimed.de\/index.php\/wp-json\/wp\/v2\/media?parent=433"}],"curies":[{"name":"wp","href":"https:\/\/api.w.org\/{rel}","templated":true}]}}