{"id":412,"date":"2024-11-20T11:03:57","date_gmt":"2024-11-20T11:03:57","guid":{"rendered":"http:\/\/zibimed.de\/?page_id=412"},"modified":"2024-12-04T10:32:16","modified_gmt":"2024-12-04T10:32:16","slug":"gdt-sira-bridge","status":"publish","type":"page","link":"http:\/\/zibimed.de\/index.php\/gdt-sira-bridge\/","title":{"rendered":"GDT SIRA Bridge"},"content":{"rendered":"\n<div class=\"wp-block-group has-global-padding is-layout-constrained wp-block-group-is-layout-constrained\" style=\"padding-top:var(--wp--preset--spacing--30);padding-bottom:var(--wp--preset--spacing--30)\">\n<h1 class=\"wp-block-heading has-text-align-center\"><strong>GDT SIRA Bridge<\/strong><\/h1>\n\n\n\n<div class=\"wp-block-columns is-layout-flex wp-container-core-columns-is-layout-28f84493 wp-block-columns-is-layout-flex\">\n<div class=\"wp-block-column is-layout-flow wp-block-column-is-layout-flow\" style=\"padding-top:var(--wp--preset--spacing--40);padding-bottom:var(--wp--preset--spacing--40);flex-basis:66.66%\">\n<p>Mit der ZIBImed GDT SIRA Bridge k\u00f6nnen &#8211; auf komfortable und einfache Weise &#8211; Daten zwischen dem <a href=\"https:\/\/www.zibimed.de\/index.php\/products\/sira-server\">SIRA PACS- und RIS-Server<\/a> und einem GDT f\u00e4higen Praxis-EDV-System ausgetauscht werden.<\/p>\n<\/div>\n\n\n\n<div class=\"wp-block-column is-layout-flow wp-block-column-is-layout-flow\" style=\"flex-basis:33.33%\">\n<figure class=\"wp-block-image aligncenter size-full is-resized\"><img loading=\"lazy\" decoding=\"async\" width=\"536\" height=\"536\" src=\"http:\/\/zibimed.de\/wp-content\/uploads\/2024\/12\/LogoGDTBridge2.png\" alt=\"\" class=\"wp-image-486\" style=\"width:153px;height:auto\" srcset=\"http:\/\/zibimed.de\/wp-content\/uploads\/2024\/12\/LogoGDTBridge2.png 536w, http:\/\/zibimed.de\/wp-content\/uploads\/2024\/12\/LogoGDTBridge2-300x300.png 300w, http:\/\/zibimed.de\/wp-content\/uploads\/2024\/12\/LogoGDTBridge2-150x150.png 150w\" sizes=\"auto, (max-width: 536px) 100vw, 536px\" \/><\/figure>\n<\/div>\n<\/div>\n\n\n\n<p>Die ZIBImed GDT SIRA Bridge ist eine Software, welche die Verbindung zum Informationsaustausch zwischen einem GDT f\u00e4higen Praxis-EDV-System und dem ZIBImed SIRA PACS- und RIS-Server herstellt. Die GDT SIRA Brigde liest Daten aus GDT Dateien, interpretiert diese und sendet die so gewonnenen Informationen an den SIRA Server. In umgekehrter Richtung fragt die Bridge beim SIRA Server nach, ob relevante Daten anliegen und schreibt diese dann in GDT Dateien. Somit ist es zum Beispiel m\u00f6glich, einen Patientenstammdatensatz von einen GDT Praxis-EDV-System an den SIRA Server zu \u00fcbermitteln oder vom SIRA Server Informationen \u00fcber eine Untersuchung an das Praxis-EDV-System zu liefern.<\/p>\n\n\n\n<p>Die GDT SIRA Bridge wird beim Einschalten des Rechners gestartet und erscheint im Infobereich der Taskleiste. Damit erh\u00e4lt man einen schnellen \u00dcberblick \u00fcber die Aktivit\u00e4ten der Bridge und kann s\u00e4mtliche Konfigurationen vornehmen.<\/p>\n\n\n\n<p>Als besonderes Highlight k\u00f6nnen beliebig viele DICOM Modalit\u00e4ten eingerichtet werden, welche dann \u00fcber das Praxis-EDV-System ihre jeweiligen Untersuchungsauftr\u00e4ge erhalten.<\/p>\n\n\n\n<p>Die GDT SIRA Bridge unterst\u00fctzt folgende vier Transaktionen:<\/p>\n\n\n\n<ul class=\"wp-block-list\">\n<li>Senden von Patientenstammdaten vom Praxis-EDV-System zum SIRA Server (GDT Satzart 6301)<\/li>\n\n\n\n<li>Abfragen von Patientenstammdaten des SIRA Servers durch das Praxis-EDV-System (GDT Satzart 6300)<\/li>\n\n\n\n<li>Auftrag f\u00fcr eine neue Untersuchung durch das Praxis-EDV-System (GDT Satzart 6302). Der SIRA Server leitet diese Anforderung \u00fcber das MWL-Protokoll an die DICOM-Modalit\u00e4ten weiter.<\/li>\n\n\n\n<li>\u00dcbermitteln von Informationen \u00fcber Untersuchungen vom SIRA Server an das Praxis-EDV-System (GDT Satzart 6310).<\/li>\n<\/ul>\n\n\n\n<p>Damit die GDT SIRA Bridge diese Aufgaben erf\u00fcllen kann, sind zwei Schnittstellen erforderlich. Bei der GDT Schnittstelle zum Praxis-EDV-System handelt es sich um ein gemeinsames Dateiverzeichnis, in dem die zu \u00fcbermittelnden Daten als Dateien abgelegt werden. Dabei schreibt entweder das Praxis-EDV-System oder die SIRA Bridge die Daten und der Gegenpart liest sie anschlie\u00dfend wieder ein. Die Schnittstelle zum SIRA Server arbeitet \u00fcber eine Netzwerkverbindung nach dem REST-Standard.<\/p>\n\n\n\n<p><a href=\"http:\/\/zibimed.de\/index.php\/unterstuetzung\/\">Gerne beraten wir Sie!<\/a><\/p>\n<\/div>\n","protected":false},"excerpt":{"rendered":"<p>GDT SIRA Bridge Mit der ZIBImed GDT SIRA Bridge k\u00f6nnen &#8211; auf komfortable und einfache Weise &#8211; Daten zwischen dem SIRA PACS- und RIS-Server und einem GDT f\u00e4higen Praxis-EDV-System ausgetauscht werden. Die ZIBImed GDT SIRA Bridge ist eine Software, welche die Verbindung zum Informationsaustausch zwischen einem GDT f\u00e4higen Praxis-EDV-System und dem ZIBImed SIRA PACS- und [&hellip;]<\/p>\n","protected":false},"author":1,"featured_media":0,"parent":0,"menu_order":0,"comment_status":"closed","ping_status":"closed","template":"page-no-title","meta":{"footnotes":""},"class_list":["post-412","page","type-page","status-publish","hentry"],"_links":{"self":[{"href":"http:\/\/zibimed.de\/index.php\/wp-json\/wp\/v2\/pages\/412","targetHints":{"allow":["GET"]}}],"collection":[{"href":"http:\/\/zibimed.de\/index.php\/wp-json\/wp\/v2\/pages"}],"about":[{"href":"http:\/\/zibimed.de\/index.php\/wp-json\/wp\/v2\/types\/page"}],"author":[{"embeddable":true,"href":"http:\/\/zibimed.de\/index.php\/wp-json\/wp\/v2\/users\/1"}],"replies":[{"embeddable":true,"href":"http:\/\/zibimed.de\/index.php\/wp-json\/wp\/v2\/comments?post=412"}],"version-history":[{"count":8,"href":"http:\/\/zibimed.de\/index.php\/wp-json\/wp\/v2\/pages\/412\/revisions"}],"predecessor-version":[{"id":490,"href":"http:\/\/zibimed.de\/index.php\/wp-json\/wp\/v2\/pages\/412\/revisions\/490"}],"wp:attachment":[{"href":"http:\/\/zibimed.de\/index.php\/wp-json\/wp\/v2\/media?parent=412"}],"curies":[{"name":"wp","href":"https:\/\/api.w.org\/{rel}","templated":true}]}}